{"id":279,"date":"2017-12-30T14:17:40","date_gmt":"2017-12-30T13:17:40","guid":{"rendered":"http:\/\/test.ofv-aich.de\/?page_id=279"},"modified":"2019-04-28T09:19:08","modified_gmt":"2019-04-28T08:19:08","slug":"impressum","status":"publish","type":"page","link":"https:\/\/www.ofv-aich.de\/?page_id=279","title":{"rendered":"Impressum"},"content":{"rendered":"<p><strong>ortsf\u00f6rderverein aich e.v.<\/strong><\/p>\n<p>Arberstra\u00dfe 9<\/p>\n<p>84155 Bodenkirchen \/ Aich<\/p>\n<p>E -Mail: info(at)ofv-aich.de<\/p>\n<p>Internet:\u00a0<a href=\"http:\/\/www.vib-basket.de\/\" target=\"_self\" rel=\"noopener noreferrer\">www.ofv-aich.de<\/a><\/p>\n<p>Vertretungsberechtigter Vorstand: Andreas Zelger<\/p>\n<p>Vereinsregisternummer: \u00a0VR 433<\/p>\n<p>Steuernummer:\u00a0132\/110\/10546<\/p>\n<p><strong>Haftungshinweis:<\/strong><\/p>\n<p>Dieser Webauftritt wurde mit gr\u00f6\u00dftm\u00f6glicher Sorgfalt erstellt und \u00fcberpr\u00fcft. Der Herausgeber \u00fcbernimmt jedoch keinerlei Gew\u00e4hr f\u00fcr die Aktualit\u00e4t, Korrektheit, Vollst\u00e4ndigkeit oder Qualit\u00e4t der bereitgestellten Informationen. Der Herausgeber schlie\u00dft jegliche Haftung f\u00fcr Sch\u00e4den, die durch die Nutzung oder Nichtnutzung der dargebotenen Informationen bzw. durch die Nutzung fehlerhafter und unvollst\u00e4ndiger Informationen verursacht wurden grunds\u00e4tzlich aus, sofern seitens des Herausgebers kein nachweislich vors\u00e4tzliches oder grob fahrl\u00e4ssiges Verschulden vorliegt.<\/p>\n<p><strong>Verweise und Links:<\/strong><\/p>\n<p>Der Herausgeber erkl\u00e4rt hiermit ausdr\u00fccklich, dass zum Zeitpunkt der Linksetzung auf fremde Internetseiten keine illegalen Inhalte auf den zu verlinkenden Seiten erkennbar waren. Auf die aktuelle und zuk\u00fcnftige Gestaltung, die Inhalte oder die Urheberschaft der gelinkten \/ verkn\u00fcpften Seiten hat der Herausgeber keinerlei Einfluss. Deshalb distanziert er sich hiermit ausdr\u00fccklich von allen Inhalten aller gelinkten \/ verkn\u00fcpften Seiten, die nach der Linksetzung ver\u00e4ndert wurden. F\u00fcr illegale, fehlerhafte oder unvollst\u00e4ndige Inhalte und insbesondere f\u00fcr Sch\u00e4den, die aus der Nutzung oder Nichtnutzung solcherart dargebotener Informationen entstehen, haftet allein der Anbieter der Seite, auf welche verwiesen wurde.<\/p>\n<p><strong>Datenschutzerkl\u00e4rung \u2013 Ortsf\u00f6rderverein Aich e.V. <\/strong><\/p>\n<p>Der Schutz ihrer personenbezogenen Daten ist uns wichtig. Nach der EU-Datenschutz-Grundverordnung (DSGVO) sind wir verpflichtet, Sie dar\u00fcber zu informieren, zu welchem Zweck\u00a0 der Ortsf\u00f6rderverein Aich e.V. (nachfolgend genannt OFV) ihre Daten erhebt, speichert, verarbeitet oder weiterleitet.<\/p>\n<ol>\n<li>Verantwortlich f\u00fcr die Datenverarbeitung ist der<\/li>\n<\/ol>\n<p>Ortsf\u00f6rderverein Aich e.V. (OFV)<\/p>\n<p>Arberstr.9<\/p>\n<p>84155 Bodenkirchen<\/p>\n<p>Vertreten durch die beiden gew\u00e4hlten Vorst\u00e4nde.<\/p>\n<p>Der OFV ist nicht verpflichtet einen Datenschutzbeauftragten zu benennen.<\/p>\n<ol start=\"2\">\n<li>Datenerhebung<\/li>\n<\/ol>\n<p>Der Verein erhebt, verarbeitet und nutzt personenbezogene Daten seiner Mitglieder zur Erf\u00fcllung der gem\u00e4\u00df der Satzung zuverl\u00e4ssigen Zwecke und Aufgaben.<\/p>\n<p>Mit dem Beitritt eines Mitglieds erhebt der OFV folgende Daten seiner Mitglieder:<\/p>\n<p>Name, Vorname,\u00a0 Anschrift, Geburtsdatum, Eintrittsdatum, Telefon, Sparte und ggf. E-Mail-Adresse.<\/p>\n<p>Die Bankverbindung des Mitglieds wird f\u00fcr den Lastschrifteinzug des Mitgliedsbeitrages erfasst.<\/p>\n<ol start=\"3\">\n<li>Datenverwendung<\/li>\n<\/ol>\n<p>Die folgenden Datenschutzhinweise informieren Sie \u00fcber die Art und den Umfang der Verarbeitung sogenannter personenbezogener Daten durch den OFV.\u00a0 Personenbezogene Daten sind Informationen, die ihrer Person direkt oder mittelbar zuzuordnen sind bzw. zugeordnet werden k\u00f6nnen.<\/p>\n<p>Die Datenverarbeitung durch den OFV kann im Wesentlichen in nachstehende Kategorien unterteilt werden:<\/p>\n<ul>\n<li>Zur Erf\u00fcllung eines Vertrages\/Mitgliedschaft<\/li>\n<\/ul>\n<p>Zum Erwerb und F\u00fchrung einer Mitgliedschaft werden zum Zwecke der Vertragsabwicklung alle f\u00fcr die Durchf\u00fchrung eines Vertrages erforderliche Daten verarbeitet. Sind externe Dienstleister in der Abwicklung des Vertrages eingebunden, z.B. Banken\/Sparkassen, Gemeinden, Landrats\u00e4mter und Verb\u00e4nde, werden ihre Daten in dem jeweils erforderlichen Umfang an diese weitergegeben.<\/p>\n<ul>\n<li>Zur Wahrung der berechtigten Interessen<\/li>\n<\/ul>\n<p>Im Rahmen der Durchf\u00fchrung von \u00f6ffentlichen Sportveranstaltungen und Vereinst\u00e4tigkeiten\u00a0 durch den OFV\u00a0 werden Ausschreibungen, Startlisten, Ergebnislisten \u00a0und Berichte zum Teil mit Foto ver\u00f6ffentlicht.<\/p>\n<p>Die Ver\u00f6ffentlichung erfolgt im Rahmen der Pflege unserer Website, Vereinschronik, OFV-Bote, soziale Medien oder in der \u00f6ffentlichen Presse.<\/p>\n<p>Zus\u00e4tzlich werden die Daten f\u00fcr Passantr\u00e4ge, Mannschaftsanmeldungen, Gratulationen von Jubilaren \u00a0und zur internen Kommunikation\/Informationsaustausch innerhalb der Sparten genutzt.<\/p>\n<ol start=\"4\">\n<li>Speicherung personenbezogener Daten<\/li>\n<\/ol>\n<p>Personenbezogene Daten f\u00fcr den OFV werden von den beiden Vorst\u00e4nden, dem Kassier und den Spartenleitern auf eigenen EDV-Anlagen betreut.<\/p>\n<p>Wir bedienen uns im \u00dcbrigen geeigneten technischen und organisatorischen Sicherheitsma\u00dfnahmen, um ihre bei uns gespeicherten pers\u00f6nlichen Daten gegen Manipulation, teilweisen oder vollst\u00e4ndigen Verlust (externe Datensicherung) und gegen unbefugte Dritte zu sch\u00fctzen.<\/p>\n<p>Einen evtl. Datenverlust oder erkennbaren Angriff auf diesen Datenbestand von au\u00dfen melden wir unverz\u00fcglich an das Bayerische Landesamt f\u00fcr Datenschutzaufsicht.<\/p>\n<p>Nach einer Abmeldung oder K\u00fcndigung beim OFV richtet sich die Speicherdauer nach den gesetzlichen Aufbewahrungsfristen.<\/p>\n<ol start=\"5\">\n<li>Ver\u00f6ffentlichung von Fotografien<\/li>\n<\/ol>\n<p>Aktuell ist die rechtliche Zul\u00e4ssigkeit der Ver\u00f6ffentlichung und Verbreitung von Foto-Videoaufnahmen von Personen im Kunsturhebergesetz \u201eKUG\u201c geregelt.<\/p>\n<p>Der OFV meldet ein berechtigtes Interesse an sogenannten Veranstaltungs-und Siegerfotos der Mannschaften bei \u00a0\u00f6ffentlichen Veranstaltungen an. Jeder einzelne Teilnehmer hat das Recht einer Ver\u00f6ffentlichung zu widersprechen.<\/p>\n<p>Der OFV wird keinerlei Fotos von Minderj\u00e4hrigen ohne die Zustimmung der Sorgeberechtigten ver\u00f6ffentlichen.<\/p>\n<ol start=\"6\">\n<li>Ihre Rechte<\/li>\n<\/ol>\n<p>Sie haben das Recht, \u00fcber ihre bezogenen Daten Auskunft zu erhalten. Ebenso k\u00f6nnen Sie die Berichtigung unrichtiger Daten verlangen. Dar\u00fcber hinaus steht ihnen das Recht auf L\u00f6schung von Daten, das Recht auf Einschr\u00e4nkung der Datenverarbeitung sowie das Recht auf Daten\u00fcbertragbarkeit\u00a0 zu. Die Verarbeitung ihrer Daten erfolgt auf Basis Ihrer Einwilligung. Diese haben Sie uns mit dem Mitgliedsantrag zur Verf\u00fcgung gestellt. Sie haben das Recht die Einwilligung f\u00fcr zuk\u00fcnftige Verarbeitung zu widerrufen.<\/p>\n<p>Sie haben ferner das Recht sich bei der zust\u00e4ndigen Aufsichtsbeh\u00f6rde (BayLDA) f\u00fcr den Datenschutz zu beschweren, wenn Sie meinen, dass die Verarbeitung ihrer personenbezogenen Daten nicht rechtm\u00e4\u00dfig erfolgt.<\/p>\n<p>Aich,\u00a0 Februar 2019<\/p>\n","protected":false},"excerpt":{"rendered":"<p>ortsf\u00f6rderverein aich e.v. Arberstra\u00dfe 9 84155 Bodenkirchen \/ Aich E -Mail: info(at)ofv-aich.de Internet:\u00a0www.ofv-aich.de Vertretungsberechtigter Vorstand: Andreas Zelger Vereinsregisternummer: \u00a0VR 433 Steuernummer:\u00a0132\/110\/10546 Haftungshinweis: Dieser Webauftritt wurde mit gr\u00f6\u00dftm\u00f6glicher Sorgfalt erstellt und \u00fcberpr\u00fcft. Der Herausgeber \u00fcbernimmt jedoch keinerlei Gew\u00e4hr f\u00fcr die Aktualit\u00e4t, Korrektheit, Vollst\u00e4ndigkeit oder Qualit\u00e4t der bereitgestellten Informationen. Der Herausgeber schlie\u00dft jegliche Haftung f\u00fcr Sch\u00e4den, die &hellip; <a href=\"https:\/\/www.ofv-aich.de\/?page_id=279\" class=\"more-link\"><span class=\"screen-reader-text\">Impressum<\/span> weiterlesen<\/a><\/p>\n","protected":false},"author":1,"featured_media":0,"parent":0,"menu_order":0,"comment_status":"closed","ping_status":"closed","template":"","meta":{"footnotes":""},"_links":{"self":[{"href":"https:\/\/www.ofv-aich.de\/index.php?rest_route=\/wp\/v2\/pages\/279"}],"collection":[{"href":"https:\/\/www.ofv-aich.de\/index.php?rest_route=\/wp\/v2\/pages"}],"about":[{"href":"https:\/\/www.ofv-aich.de\/index.php?rest_route=\/wp\/v2\/types\/page"}],"author":[{"embeddable":true,"href":"https:\/\/www.ofv-aich.de\/index.php?rest_route=\/wp\/v2\/users\/1"}],"replies":[{"embeddable":true,"href":"https:\/\/www.ofv-aich.de\/index.php?rest_route=%2Fwp%2Fv2%2Fcomments&post=279"}],"version-history":[{"count":2,"href":"https:\/\/www.ofv-aich.de\/index.php?rest_route=\/wp\/v2\/pages\/279\/revisions"}],"predecessor-version":[{"id":505,"href":"https:\/\/www.ofv-aich.de\/index.php?rest_route=\/wp\/v2\/pages\/279\/revisions\/505"}],"wp:attachment":[{"href":"https:\/\/www.ofv-aich.de\/index.php?rest_route=%2Fwp%2Fv2%2Fmedia&parent=279"}],"curies":[{"name":"wp","href":"https:\/\/api.w.org\/{rel}","templated":true}]}}